{"id":393,"date":"2025-09-01T12:40:52","date_gmt":"2025-09-01T10:40:52","guid":{"rendered":"https:\/\/supermetal.cz\/?page_id=393"},"modified":"2025-09-01T12:41:12","modified_gmt":"2025-09-01T10:41:12","slug":"odstredive-lite-valce","status":"publish","type":"page","link":"https:\/\/supermetal.cz\/ru\/%d0%bf%d1%80%d0%be%d0%b4%d1%83%d0%ba%d1%82%d1%8b\/%d1%80%d0%b0%d0%b1%d0%be%d1%87%d0%b8%d0%b5-%d1%86%d0%b8%d0%bb%d0%b8%d0%bd%d0%b4%d1%80%d1%8b\/odstredive-lite-valce\/","title":{"rendered":"Odst\u0159ediv\u011b lit\u00e9 v\u00e1lce"},"content":{"rendered":"<p>Odst\u0159ediv\u011b lit\u00e9 v\u00e1lce<\/p>\n","protected":false},"excerpt":{"rendered":"<p>Odst\u0159ediv\u011b lit\u00e9 v\u00e1lce<\/p>\n","protected":false},"author":3,"featured_media":0,"parent":191,"menu_order":0,"comment_status":"closed","ping_status":"closed","template":"","meta":{"footnotes":""},"class_list":["post-393","page","type-page","status-publish","hentry"],"_links":{"self":[{"href":"https:\/\/supermetal.cz\/ru\/wp-json\/wp\/v2\/pages\/393","targetHints":{"allow":["GET"]}}],"collection":[{"href":"https:\/\/supermetal.cz\/ru\/wp-json\/wp\/v2\/pages"}],"about":[{"href":"https:\/\/supermetal.cz\/ru\/wp-json\/wp\/v2\/types\/page"}],"author":[{"embeddable":true,"href":"https:\/\/supermetal.cz\/ru\/wp-json\/wp\/v2\/users\/3"}],"replies":[{"embeddable":true,"href":"https:\/\/supermetal.cz\/ru\/wp-json\/wp\/v2\/comments?post=393"}],"version-history":[{"count":2,"href":"https:\/\/supermetal.cz\/ru\/wp-json\/wp\/v2\/pages\/393\/revisions"}],"predecessor-version":[{"id":408,"href":"https:\/\/supermetal.cz\/ru\/wp-json\/wp\/v2\/pages\/393\/revisions\/408"}],"up":[{"embeddable":true,"href":"https:\/\/supermetal.cz\/ru\/wp-json\/wp\/v2\/pages\/191"}],"wp:attachment":[{"href":"https:\/\/supermetal.cz\/ru\/wp-json\/wp\/v2\/media?parent=393"}],"curies":[{"name":"wp","href":"https:\/\/api.w.org\/{rel}","templated":true}]}}