{"id":191,"date":"2025-07-21T05:50:05","date_gmt":"2025-07-21T03:50:05","guid":{"rendered":"https:\/\/supermetal.cz\/?page_id=191"},"modified":"2025-09-01T14:36:35","modified_gmt":"2025-09-01T12:36:35","slug":"valce","status":"publish","type":"page","link":"https:\/\/supermetal.cz\/ru\/%d0%bf%d1%80%d0%be%d0%b4%d1%83%d0%ba%d1%82%d1%8b\/%d1%80%d0%b0%d0%b1%d0%be%d1%87%d0%b8%d0%b5-%d1%86%d0%b8%d0%bb%d0%b8%d0%bd%d0%b4%d1%80%d1%8b\/","title":{"rendered":"\u041f\u0440\u043e\u043a\u0430\u0442\u043d\u044b\u0435 \u0432\u0430\u043b\u043a\u0438"},"content":{"rendered":"<p><a href=\"https:\/\/supermetal.cz\/produkty\/pracovni-valce\/odstredive-lite-valce\/\"><img loading=\"lazy\" decoding=\"async\" class=\"alignleft wp-image-399\" src=\"https:\/\/supermetal.cz\/wp-content\/uploads\/2025\/09\/Spin-cast-roll-300x210.jpg\" alt=\"\" width=\"300\" height=\"210\" srcset=\"https:\/\/supermetal.cz\/wp-content\/uploads\/2025\/09\/Spin-cast-roll-300x210.jpg 300w, https:\/\/supermetal.cz\/wp-content\/uploads\/2025\/09\/Spin-cast-roll.jpg 717w\" sizes=\"auto, (max-width: 300px) 100vw, 300px\" \/><\/a><\/p>\r\n<p><\/p>\r\n<p>&nbsp;<\/p>\r\n<p style=\"text-align: left;\"><a href=\"https:\/\/supermetal.cz\/produkty\/pracovni-valce\/odstredive-lite-valce\/\"><strong>Odst\u0159ediv\u011b a stacion\u00e1rn\u011b lit\u00e9 v\u00e1lce<\/strong><\/a><\/p>\r\n<p>\r\n<\/p>\r\n<p style=\"text-align: left;\">Dod\u00e1vky odst\u0159ediv\u011b a stacion\u00e1rn\u011b lit\u00fdch v\u00e1lc\u016f<\/p>\r\n<p style=\"text-align: left;\">pro v\u00e1lcov\u00e1n\u00ed \u017eelezn\u00fdch i ne\u017eelezn\u00fdch kov\u016f<\/p>\r\n<p>&nbsp;<\/p>\r\n<p>&nbsp;<\/p>\r\n<p>&nbsp;<\/p>\r\n<p>\r\n<\/p>\r\n<p><a href=\"https:\/\/supermetal.cz\/produkty\/pracovni-valce\/kovane-valce\/\"><img loading=\"lazy\" decoding=\"async\" class=\"alignleft wp-image-342 size-medium\" src=\"https:\/\/supermetal.cz\/wp-content\/uploads\/2025\/08\/IMG-20250512-WA0004-e1756725139669-300x168.jpg\" alt=\"\" width=\"300\" height=\"168\" srcset=\"https:\/\/supermetal.cz\/wp-content\/uploads\/2025\/08\/IMG-20250512-WA0004-e1756725139669-300x168.jpg 300w, https:\/\/supermetal.cz\/wp-content\/uploads\/2025\/08\/IMG-20250512-WA0004-e1756725139669-1024x572.jpg 1024w, https:\/\/supermetal.cz\/wp-content\/uploads\/2025\/08\/IMG-20250512-WA0004-e1756725139669-768x429.jpg 768w, https:\/\/supermetal.cz\/wp-content\/uploads\/2025\/08\/IMG-20250512-WA0004-e1756725139669.jpg 1200w\" sizes=\"auto, (max-width: 300px) 100vw, 300px\" \/><\/a><\/p>\r\n<p>\r\n<\/p>\r\n<p>&nbsp;<\/p>\r\n<p style=\"text-align: left;\"><a href=\"https:\/\/supermetal.cz\/produkty\/pracovni-valce\/kovane-valce\/\"><strong>Kovan\u00e9 v\u00e1lce<\/strong><\/a><\/p>\r\n<p>\r\n<\/p>\r\n<p style=\"text-align: left;\">Dod\u00e1vky kovan\u00fdch v\u00e1lc\u016f <span style=\"background-color: transparent;\">pro v\u00e1lcov\u00e1n\u00ed a \u00fapravy <\/span><\/p>\r\n<p style=\"text-align: left;\"><span style=\"background-color: transparent;\">v\u00e1lcovan\u00e9ho p\u00e1su, profil\u016f a trub<\/span><\/p>\r\n<p>\r\n<\/p>\r\n<p>&nbsp;<\/p>\r\n<p>\r\n&nbsp;<\/p>\r\n<p><\/p>","protected":false},"excerpt":{"rendered":"<p>&nbsp; Odst\u0159ediv\u011b a stacion\u00e1rn\u011b lit\u00e9 v\u00e1lce Dod\u00e1vky odst\u0159ediv\u011b a stacion\u00e1rn\u011b lit\u00fdch v\u00e1lc\u016f pro v\u00e1lcov\u00e1n\u00ed \u017eelezn\u00fdch i ne\u017eelezn\u00fdch kov\u016f &nbsp; &nbsp; &nbsp; &nbsp; Kovan\u00e9 v\u00e1lce Dod\u00e1vky kovan\u00fdch v\u00e1lc\u016f pro v\u00e1lcov\u00e1n\u00ed a \u00fapravy v\u00e1lcovan\u00e9ho p\u00e1su, profil\u016f a trub &nbsp; &nbsp;<\/p>\n","protected":false},"author":1,"featured_media":385,"parent":189,"menu_order":0,"comment_status":"closed","ping_status":"closed","template":"","meta":{"footnotes":""},"class_list":["post-191","page","type-page","status-publish","has-post-thumbnail","hentry"],"_links":{"self":[{"href":"https:\/\/supermetal.cz\/ru\/wp-json\/wp\/v2\/pages\/191","targetHints":{"allow":["GET"]}}],"collection":[{"href":"https:\/\/supermetal.cz\/ru\/wp-json\/wp\/v2\/pages"}],"about":[{"href":"https:\/\/supermetal.cz\/ru\/wp-json\/wp\/v2\/types\/page"}],"author":[{"embeddable":true,"href":"https:\/\/supermetal.cz\/ru\/wp-json\/wp\/v2\/users\/1"}],"replies":[{"embeddable":true,"href":"https:\/\/supermetal.cz\/ru\/wp-json\/wp\/v2\/comments?post=191"}],"version-history":[{"count":14,"href":"https:\/\/supermetal.cz\/ru\/wp-json\/wp\/v2\/pages\/191\/revisions"}],"predecessor-version":[{"id":406,"href":"https:\/\/supermetal.cz\/ru\/wp-json\/wp\/v2\/pages\/191\/revisions\/406"}],"up":[{"embeddable":true,"href":"https:\/\/supermetal.cz\/ru\/wp-json\/wp\/v2\/pages\/189"}],"wp:featuredmedia":[{"embeddable":true,"href":"https:\/\/supermetal.cz\/ru\/wp-json\/wp\/v2\/media\/385"}],"wp:attachment":[{"href":"https:\/\/supermetal.cz\/ru\/wp-json\/wp\/v2\/media?parent=191"}],"curies":[{"name":"wp","href":"https:\/\/api.w.org\/{rel}","templated":true}]}}