{"id":125,"date":"2025-05-14T09:44:40","date_gmt":"2025-05-14T09:44:40","guid":{"rendered":"https:\/\/supermetal.hostis.net\/?page_id=125"},"modified":"2025-08-27T11:39:38","modified_gmt":"2025-08-27T09:39:38","slug":"kontakt","status":"publish","type":"page","link":"https:\/\/supermetal.cz\/ru\/%d0%ba%d0%be%d0%bd%d1%82%d0%b0%d0%ba%d1%82\/","title":{"rendered":"\u041a\u043e\u043d\u0442\u0430\u043a\u0442"},"content":{"rendered":"\r\n<h3 class=\"wp-block-heading\">SUPERMETAL, a.s.<\/h3>\r\n\r\n\r\n<p>\u0410\u0434\u0440\u0435\u0441: V\u00e1clavsk\u00e9 n\u00e1m\u011bst\u00ed 772\/2, 110 00 Praha 1<\/p>\r\n\r\n\r\n<p>\u041e\u043f\u0435\u0440\u0430\u0446\u0438\u044f: Pohrani\u010dn\u00ed 3017\/11, 703 00 Ostrava &#8212; V\u00edtkovice<\/p>\r\n\r\n\r\n<p>\u0418\u0434\u0435\u043d\u0442\u0438\u0444\u0438\u043a\u0430\u0442\u043e\u0440: 06359183<\/p>\r\n\r\n\r\n<p>\u041d\u043e\u043c\u0435\u0440 \u041d\u0414\u0421: CZ06359183<\/p>\r\n\r\n\r\n<p>\u042d\u043b\u0435\u043a\u0442\u0440\u043e\u043d\u043d\u0430\u044f \u043f\u043e\u0447\u0442\u0430: info@supermetal.cz<\/p>\r\n\r\n\r\n<p>\u041d\u043e\u043c\u0435\u0440 \u0441\u0447\u0435\u0442\u0430 CZK: 2114684075 \/ 2700<\/p>\r\n\r\n\r\n<p>\u041d\u043e\u043c\u0435\u0440 \u0441\u0447\u0435\u0442\u0430 \u0432 \u0435\u0432\u0440\u043e: 2114820743 \/ 2700<\/p>\r\n\r\n\r\n<p>\u041a\u043e\u043d\u0442\u0430\u043a\u0442\u043d\u044b\u0435 \u043b\u0438\u0446\u0430<\/p>\r\n\r\n\r\n<p>\u0418\u043d\u0436. \u0412\u0438\u0442 \u041f\u0430\u0434\u0435\u0440\u0430, MBA<\/p>\r\n\r\n\r\n<p>\u0434\u0438\u0440\u0435\u043a\u0442\u043e\u0440 \u043f\u043e \u043f\u0440\u043e\u0434\u0430\u0436\u0430\u043c<\/p>\r\n\r\n\r\n<p>+420 722 980 988<\/p>\r\n\r\n\r\n<p>vit.padera@witkowitz.cz<\/p>\r\n\r\n\r\n<h4 class=\"wp-block-heading\">&nbsp;<\/h4>\r\n","protected":false},"excerpt":{"rendered":"<p>SUPERMETAL, a.s. \u0410\u0434\u0440\u0435\u0441: V\u00e1clavsk\u00e9 n\u00e1m\u011bst\u00ed 772\/2, 110 00 Praha 1 \u041e\u043f\u0435\u0440\u0430\u0446\u0438\u044f: Pohrani\u010dn\u00ed 3017\/11, 703 00 Ostrava &#8212; V\u00edtkovice \u0418\u0434\u0435\u043d\u0442\u0438\u0444\u0438\u043a\u0430\u0442\u043e\u0440: 06359183 \u041d\u043e\u043c\u0435\u0440 \u041d\u0414\u0421: CZ06359183 \u042d\u043b\u0435\u043a\u0442\u0440\u043e\u043d\u043d\u0430\u044f \u043f\u043e\u0447\u0442\u0430: info@supermetal.cz \u041d\u043e\u043c\u0435\u0440 \u0441\u0447\u0435\u0442\u0430 CZK: 2114684075 \/ 2700 \u041d\u043e\u043c\u0435\u0440 \u0441\u0447\u0435\u0442\u0430 \u0432 \u0435\u0432\u0440\u043e: 2114820743 \/ 2700 \u041a\u043e\u043d\u0442\u0430\u043a\u0442\u043d\u044b\u0435 \u043b\u0438\u0446\u0430 \u0418\u043d\u0436. \u0412\u0438\u0442 \u041f\u0430\u0434\u0435\u0440\u0430, MBA \u0434\u0438\u0440\u0435\u043a\u0442\u043e\u0440 \u043f\u043e \u043f\u0440\u043e\u0434\u0430\u0436\u0430\u043c +420 722 980 988 vit.padera@witkowitz.cz &nbsp;<\/p>\n","protected":false},"author":1,"featured_media":0,"parent":0,"menu_order":0,"comment_status":"closed","ping_status":"closed","template":"","meta":{"footnotes":""},"class_list":["post-125","page","type-page","status-publish","hentry"],"_links":{"self":[{"href":"https:\/\/supermetal.cz\/ru\/wp-json\/wp\/v2\/pages\/125","targetHints":{"allow":["GET"]}}],"collection":[{"href":"https:\/\/supermetal.cz\/ru\/wp-json\/wp\/v2\/pages"}],"about":[{"href":"https:\/\/supermetal.cz\/ru\/wp-json\/wp\/v2\/types\/page"}],"author":[{"embeddable":true,"href":"https:\/\/supermetal.cz\/ru\/wp-json\/wp\/v2\/users\/1"}],"replies":[{"embeddable":true,"href":"https:\/\/supermetal.cz\/ru\/wp-json\/wp\/v2\/comments?post=125"}],"version-history":[{"count":20,"href":"https:\/\/supermetal.cz\/ru\/wp-json\/wp\/v2\/pages\/125\/revisions"}],"predecessor-version":[{"id":330,"href":"https:\/\/supermetal.cz\/ru\/wp-json\/wp\/v2\/pages\/125\/revisions\/330"}],"wp:attachment":[{"href":"https:\/\/supermetal.cz\/ru\/wp-json\/wp\/v2\/media?parent=125"}],"curies":[{"name":"wp","href":"https:\/\/api.w.org\/{rel}","templated":true}]}}