{"id":205,"date":"2025-07-21T06:07:36","date_gmt":"2025-07-21T04:07:36","guid":{"rendered":"https:\/\/supermetal.cz\/?page_id=205"},"modified":"2025-08-25T23:19:48","modified_gmt":"2025-08-25T21:19:48","slug":"dily-pro-energeticka-zarizeni-stavbu-lodi-a-vseobecne-strojirenstvi","status":"publish","type":"page","link":"https:\/\/supermetal.cz\/de\/produkte\/teile-fur-energieanlagen-schiffsbau-und-allgemeinen-maschinenbau\/","title":{"rendered":"Teile f\u00fcr Energieanlagen, Schiffsbau und allgemeinen Maschinenbau"},"content":{"rendered":"<strong>Ausr\u00fcstung f\u00fcr den Transport \u00fcbergro\u00dfer Generatoren<\/strong>\r\n\r\nWir bereiten eine Beschreibung vor.\r\n\r\n<strong>Schiffsbauteile und -ausr\u00fcstung<\/strong>\r\n\r\nWir bereiten eine Beschreibung vor.\r\n\r\n<strong>Ausr\u00fcstung zur Lagerung von Fl\u00fcssigkeiten und Sch\u00fcttg\u00fctern \u2013 Tanks, Druckbeh\u00e4lter<\/strong>\r\n\r\nWir bereiten eine Beschreibung vor.\r\n\r\n","protected":false},"excerpt":{"rendered":"<p>Ausr\u00fcstung f\u00fcr den Transport \u00fcbergro\u00dfer Generatoren Wir bereiten eine Beschreibung vor. Schiffsbauteile und -ausr\u00fcstung Wir bereiten eine Beschreibung vor. Ausr\u00fcstung zur Lagerung von Fl\u00fcssigkeiten und Sch\u00fcttg\u00fctern \u2013 Tanks, Druckbeh\u00e4lter Wir bereiten eine Beschreibung vor.<\/p>\n","protected":false},"author":1,"featured_media":221,"parent":189,"menu_order":0,"comment_status":"closed","ping_status":"closed","template":"","meta":{"footnotes":""},"class_list":["post-205","page","type-page","status-publish","has-post-thumbnail","hentry"],"_links":{"self":[{"href":"https:\/\/supermetal.cz\/de\/wp-json\/wp\/v2\/pages\/205","targetHints":{"allow":["GET"]}}],"collection":[{"href":"https:\/\/supermetal.cz\/de\/wp-json\/wp\/v2\/pages"}],"about":[{"href":"https:\/\/supermetal.cz\/de\/wp-json\/wp\/v2\/types\/page"}],"author":[{"embeddable":true,"href":"https:\/\/supermetal.cz\/de\/wp-json\/wp\/v2\/users\/1"}],"replies":[{"embeddable":true,"href":"https:\/\/supermetal.cz\/de\/wp-json\/wp\/v2\/comments?post=205"}],"version-history":[{"count":1,"href":"https:\/\/supermetal.cz\/de\/wp-json\/wp\/v2\/pages\/205\/revisions"}],"predecessor-version":[{"id":206,"href":"https:\/\/supermetal.cz\/de\/wp-json\/wp\/v2\/pages\/205\/revisions\/206"}],"up":[{"embeddable":true,"href":"https:\/\/supermetal.cz\/de\/wp-json\/wp\/v2\/pages\/189"}],"wp:featuredmedia":[{"embeddable":true,"href":"https:\/\/supermetal.cz\/de\/wp-json\/wp\/v2\/media\/221"}],"wp:attachment":[{"href":"https:\/\/supermetal.cz\/de\/wp-json\/wp\/v2\/media?parent=205"}],"curies":[{"name":"wp","href":"https:\/\/api.w.org\/{rel}","templated":true}]}}