{"id":201,"date":"2025-07-21T06:05:21","date_gmt":"2025-07-21T04:05:21","guid":{"rendered":"https:\/\/supermetal.cz\/?page_id=201"},"modified":"2025-08-25T23:09:08","modified_gmt":"2025-08-25T21:09:08","slug":"zarizeni-a-nahradni-dily-pro-cerpadla-a-dalsi-zarizeni-pouzivana-v-jaderne-energie","status":"publish","type":"page","link":"https:\/\/supermetal.cz\/de\/produkte\/ausrustung-und-ersatzteile-fur-pumpen-und-andere-ausrustungen-fur-die-kernenergie\/","title":{"rendered":"Ausr\u00fcstung und Ersatzteile f\u00fcr Pumpen und andere Ausr\u00fcstungen f\u00fcr die Kernenergie"},"content":{"rendered":"<strong>Gussteile der Pumpe<\/strong>\r\n\r\nWir bereiten eine Beschreibung vor.\r\n\r\n<strong>Laufr\u00e4der<\/strong>\r\n\r\nWir bereiten eine Beschreibung vor.\r\n\r\n<strong>Leitschaufeln f\u00fcr Kondensationspumpen<\/strong>\r\n\r\nWir bereiten eine Beschreibung vor.\r\n\r\n<strong>Teile f\u00fcr Hydraulikger\u00e4te<\/strong>\r\n\r\nWir bereiten eine Beschreibung vor.\r\n\r\n","protected":false},"excerpt":{"rendered":"<p>Gussteile der Pumpe Wir bereiten eine Beschreibung vor. Laufr\u00e4der Wir bereiten eine Beschreibung vor. Leitschaufeln f\u00fcr Kondensationspumpen Wir bereiten eine Beschreibung vor. Teile f\u00fcr Hydraulikger\u00e4te Wir bereiten eine Beschreibung vor.<\/p>\n","protected":false},"author":1,"featured_media":0,"parent":189,"menu_order":0,"comment_status":"closed","ping_status":"closed","template":"","meta":{"footnotes":""},"class_list":["post-201","page","type-page","status-publish","hentry"],"_links":{"self":[{"href":"https:\/\/supermetal.cz\/de\/wp-json\/wp\/v2\/pages\/201","targetHints":{"allow":["GET"]}}],"collection":[{"href":"https:\/\/supermetal.cz\/de\/wp-json\/wp\/v2\/pages"}],"about":[{"href":"https:\/\/supermetal.cz\/de\/wp-json\/wp\/v2\/types\/page"}],"author":[{"embeddable":true,"href":"https:\/\/supermetal.cz\/de\/wp-json\/wp\/v2\/users\/1"}],"replies":[{"embeddable":true,"href":"https:\/\/supermetal.cz\/de\/wp-json\/wp\/v2\/comments?post=201"}],"version-history":[{"count":1,"href":"https:\/\/supermetal.cz\/de\/wp-json\/wp\/v2\/pages\/201\/revisions"}],"predecessor-version":[{"id":202,"href":"https:\/\/supermetal.cz\/de\/wp-json\/wp\/v2\/pages\/201\/revisions\/202"}],"up":[{"embeddable":true,"href":"https:\/\/supermetal.cz\/de\/wp-json\/wp\/v2\/pages\/189"}],"wp:attachment":[{"href":"https:\/\/supermetal.cz\/de\/wp-json\/wp\/v2\/media?parent=201"}],"curies":[{"name":"wp","href":"https:\/\/api.w.org\/{rel}","templated":true}]}}