{"id":199,"date":"2025-07-21T06:03:30","date_gmt":"2025-07-21T04:03:30","guid":{"rendered":"https:\/\/supermetal.cz\/?page_id=199"},"modified":"2025-08-25T23:12:30","modified_gmt":"2025-08-25T21:12:30","slug":"zarizeni-a-nahradni-dily-pro-tezebni-a-zpracovatelsky-prumysl","status":"publish","type":"page","link":"https:\/\/supermetal.cz\/de\/produkte\/ausrustung-und-ersatzteile-fur-die-bergbau-und-verarbeitungsindustrie\/","title":{"rendered":"Ausr\u00fcstung und Ersatzteile f\u00fcr die Bergbau- und Verarbeitungsindustrie"},"content":{"rendered":"<strong>Grundrahmen f\u00fcr Bagger<\/strong>\r\n\r\nWir bereiten eine Beschreibung vor.\r\n\r\n<strong>F\u00f6rderrahmen<\/strong>\r\n\r\nWir bereiten eine Beschreibung vor.\r\n\r\n<strong>Antriebs- und Hilfstrommeln inkl. Ummantelung mit nichtmetallischem Material (Gummi etc.)<\/strong>\r\n\r\nWir bereiten eine Beschreibung vor.\r\n\r\n<strong>Ersatzteile f\u00fcr M\u00fchlen und Mahlanlagen f\u00fcr Erz, Kohle, Zement<\/strong>\r\n\r\nWir bereiten eine Beschreibung vor.\r\n\r\n","protected":false},"excerpt":{"rendered":"<p>Grundrahmen f\u00fcr Bagger Wir bereiten eine Beschreibung vor. F\u00f6rderrahmen Wir bereiten eine Beschreibung vor. Antriebs- und Hilfstrommeln inkl. Ummantelung mit nichtmetallischem Material (Gummi etc.) Wir bereiten eine Beschreibung vor. Ersatzteile f\u00fcr M\u00fchlen und Mahlanlagen f\u00fcr Erz, Kohle, Zement Wir bereiten eine Beschreibung vor.<\/p>\n","protected":false},"author":1,"featured_media":0,"parent":189,"menu_order":0,"comment_status":"closed","ping_status":"closed","template":"","meta":{"footnotes":""},"class_list":["post-199","page","type-page","status-publish","hentry"],"_links":{"self":[{"href":"https:\/\/supermetal.cz\/de\/wp-json\/wp\/v2\/pages\/199","targetHints":{"allow":["GET"]}}],"collection":[{"href":"https:\/\/supermetal.cz\/de\/wp-json\/wp\/v2\/pages"}],"about":[{"href":"https:\/\/supermetal.cz\/de\/wp-json\/wp\/v2\/types\/page"}],"author":[{"embeddable":true,"href":"https:\/\/supermetal.cz\/de\/wp-json\/wp\/v2\/users\/1"}],"replies":[{"embeddable":true,"href":"https:\/\/supermetal.cz\/de\/wp-json\/wp\/v2\/comments?post=199"}],"version-history":[{"count":1,"href":"https:\/\/supermetal.cz\/de\/wp-json\/wp\/v2\/pages\/199\/revisions"}],"predecessor-version":[{"id":200,"href":"https:\/\/supermetal.cz\/de\/wp-json\/wp\/v2\/pages\/199\/revisions\/200"}],"up":[{"embeddable":true,"href":"https:\/\/supermetal.cz\/de\/wp-json\/wp\/v2\/pages\/189"}],"wp:attachment":[{"href":"https:\/\/supermetal.cz\/de\/wp-json\/wp\/v2\/media?parent=199"}],"curies":[{"name":"wp","href":"https:\/\/api.w.org\/{rel}","templated":true}]}}