{"id":197,"date":"2025-07-21T05:59:58","date_gmt":"2025-07-21T03:59:58","guid":{"rendered":"https:\/\/supermetal.cz\/?page_id=197"},"modified":"2025-08-31T21:54:40","modified_gmt":"2025-08-31T19:54:40","slug":"zarizeni-a-nahradni-dily-pro-lisovny-a-kovarny","status":"publish","type":"page","link":"https:\/\/supermetal.cz\/de\/produkte\/ausrustung-und-ersatzteile-fur-pressen-und-schmieden\/","title":{"rendered":"Ausr\u00fcstung und Ersatzteile f\u00fcr Presswerke und Schmieden"},"content":{"rendered":"<strong>Pleuelstange<\/strong>\r\n\r\nWir bereiten eine Beschreibung vor.\r\n\r\n<strong>Bronzeeins\u00e4tze und -buchsen<\/strong>\r\n\r\nWir bereiten eine Beschreibung vor.\r\n\r\n<strong>Hydraulikzylinder und -kolben f\u00fcr Pressger\u00e4te<\/strong>\r\n\r\nWir bereiten eine Beschreibung vor.\r\n\r\n","protected":false},"excerpt":{"rendered":"<p>Pleuelstange Wir bereiten eine Beschreibung vor. Bronzeeins\u00e4tze und -buchsen Wir bereiten eine Beschreibung vor. Hydraulikzylinder und -kolben f\u00fcr Pressger\u00e4te Wir bereiten eine Beschreibung vor.<\/p>\n","protected":false},"author":1,"featured_media":0,"parent":189,"menu_order":0,"comment_status":"closed","ping_status":"closed","template":"","meta":{"footnotes":""},"class_list":["post-197","page","type-page","status-publish","hentry"],"_links":{"self":[{"href":"https:\/\/supermetal.cz\/de\/wp-json\/wp\/v2\/pages\/197","targetHints":{"allow":["GET"]}}],"collection":[{"href":"https:\/\/supermetal.cz\/de\/wp-json\/wp\/v2\/pages"}],"about":[{"href":"https:\/\/supermetal.cz\/de\/wp-json\/wp\/v2\/types\/page"}],"author":[{"embeddable":true,"href":"https:\/\/supermetal.cz\/de\/wp-json\/wp\/v2\/users\/1"}],"replies":[{"embeddable":true,"href":"https:\/\/supermetal.cz\/de\/wp-json\/wp\/v2\/comments?post=197"}],"version-history":[{"count":2,"href":"https:\/\/supermetal.cz\/de\/wp-json\/wp\/v2\/pages\/197\/revisions"}],"predecessor-version":[{"id":362,"href":"https:\/\/supermetal.cz\/de\/wp-json\/wp\/v2\/pages\/197\/revisions\/362"}],"up":[{"embeddable":true,"href":"https:\/\/supermetal.cz\/de\/wp-json\/wp\/v2\/pages\/189"}],"wp:attachment":[{"href":"https:\/\/supermetal.cz\/de\/wp-json\/wp\/v2\/media?parent=197"}],"curies":[{"name":"wp","href":"https:\/\/api.w.org\/{rel}","templated":true}]}}