{"id":195,"date":"2025-07-21T05:57:49","date_gmt":"2025-07-21T03:57:49","guid":{"rendered":"https:\/\/supermetal.cz\/?page_id=195"},"modified":"2025-08-31T21:54:03","modified_gmt":"2025-08-31T19:54:03","slug":"zarizeni-a-nahradni-dily-pro-ocelarny-a-slevarny","status":"publish","type":"page","link":"https:\/\/supermetal.cz\/de\/produkte\/ausrustung-und-ersatzteile-fur-stahl-und-giesereien\/","title":{"rendered":"Ausr\u00fcstung und Ersatzteile f\u00fcr Stahlwerke und Gie\u00dfereien"},"content":{"rendered":"<strong>K\u00fchlrahmen f\u00fcr die Fl\u00fcssigstahlproduktion<\/strong>\r\n\r\nWir bereiten eine Beschreibung vor.\r\n\r\n&nbsp;\r\n\r\n","protected":false},"excerpt":{"rendered":"<p>K\u00fchlrahmen f\u00fcr die Fl\u00fcssigstahlproduktion Wir bereiten eine Beschreibung vor. &nbsp;<\/p>\n","protected":false},"author":1,"featured_media":0,"parent":189,"menu_order":0,"comment_status":"closed","ping_status":"closed","template":"","meta":{"footnotes":""},"class_list":["post-195","page","type-page","status-publish","hentry"],"_links":{"self":[{"href":"https:\/\/supermetal.cz\/de\/wp-json\/wp\/v2\/pages\/195","targetHints":{"allow":["GET"]}}],"collection":[{"href":"https:\/\/supermetal.cz\/de\/wp-json\/wp\/v2\/pages"}],"about":[{"href":"https:\/\/supermetal.cz\/de\/wp-json\/wp\/v2\/types\/page"}],"author":[{"embeddable":true,"href":"https:\/\/supermetal.cz\/de\/wp-json\/wp\/v2\/users\/1"}],"replies":[{"embeddable":true,"href":"https:\/\/supermetal.cz\/de\/wp-json\/wp\/v2\/comments?post=195"}],"version-history":[{"count":2,"href":"https:\/\/supermetal.cz\/de\/wp-json\/wp\/v2\/pages\/195\/revisions"}],"predecessor-version":[{"id":361,"href":"https:\/\/supermetal.cz\/de\/wp-json\/wp\/v2\/pages\/195\/revisions\/361"}],"up":[{"embeddable":true,"href":"https:\/\/supermetal.cz\/de\/wp-json\/wp\/v2\/pages\/189"}],"wp:attachment":[{"href":"https:\/\/supermetal.cz\/de\/wp-json\/wp\/v2\/media?parent=195"}],"curies":[{"name":"wp","href":"https:\/\/api.w.org\/{rel}","templated":true}]}}