{"id":193,"date":"2025-07-21T05:56:35","date_gmt":"2025-07-21T03:56:35","guid":{"rendered":"https:\/\/supermetal.cz\/?page_id=193"},"modified":"2025-08-25T23:09:29","modified_gmt":"2025-08-25T21:09:29","slug":"zarizeni-a-nahradni-dily-pro-valcovny","status":"publish","type":"page","link":"https:\/\/supermetal.cz\/de\/produkte\/ausrustung-und-ersatzteile-fur-walzwerke\/","title":{"rendered":"Ausr\u00fcstung und Ersatzteile f\u00fcr Walzwerke"},"content":{"rendered":"<strong>Walzwerke<\/strong>\r\n\r\nWir bereiten eine Beschreibung vor.\r\n\r\n<strong>Walzen und Rollen f\u00fcr Richtmaschinen<\/strong>\r\n\r\nWir bereiten eine Beschreibung vor.\r\n\r\n<strong>Getriebe und Ersatzteile<\/strong>\r\n\r\nWir bereiten eine Beschreibung vor.\r\n\r\n<strong>Lagergeh\u00e4use f\u00fcr St\u00fctz- und Arbeitswalzen<\/strong>\r\n\r\nWir bereiten eine Beschreibung vor.\r\n\r\n<strong>Gelenkwellen und Kupplungen<\/strong>\r\n\r\nWir bereiten eine Beschreibung vor.\r\n\r\n<strong>Stellschrauben und Muttern<\/strong>\r\n\r\nWir bereiten eine Beschreibung vor.\r\n\r\n<strong>Walzen<\/strong>\r\n\r\nWir bereiten eine Beschreibung vor.\r\n\r\n<strong>Wickler und Ersatzteile<\/strong>\r\n\r\nWir bereiten eine Beschreibung vor.\r\n\r\n<strong>Rollentische<\/strong>\r\n\r\nWir bereiten eine Beschreibung vor.\r\n\r\n","protected":false},"excerpt":{"rendered":"<p>Walzwerke Wir bereiten eine Beschreibung vor. Walzen und Rollen f\u00fcr Richtmaschinen Wir bereiten eine Beschreibung vor. Getriebe und Ersatzteile Wir bereiten eine Beschreibung vor. Lagergeh\u00e4use f\u00fcr St\u00fctz- und Arbeitswalzen Wir bereiten eine Beschreibung vor. Gelenkwellen und Kupplungen Wir bereiten eine Beschreibung vor. Stellschrauben und Muttern Wir bereiten eine Beschreibung vor. Walzen Wir bereiten eine Beschreibung&hellip; <br \/> <a class=\"read-more\" href=\"https:\/\/supermetal.cz\/de\/produkte\/ausrustung-und-ersatzteile-fur-walzwerke\/\">Weiterlesen<\/a><\/p>\n","protected":false},"author":1,"featured_media":0,"parent":189,"menu_order":0,"comment_status":"closed","ping_status":"closed","template":"","meta":{"footnotes":""},"class_list":["post-193","page","type-page","status-publish","hentry"],"_links":{"self":[{"href":"https:\/\/supermetal.cz\/de\/wp-json\/wp\/v2\/pages\/193","targetHints":{"allow":["GET"]}}],"collection":[{"href":"https:\/\/supermetal.cz\/de\/wp-json\/wp\/v2\/pages"}],"about":[{"href":"https:\/\/supermetal.cz\/de\/wp-json\/wp\/v2\/types\/page"}],"author":[{"embeddable":true,"href":"https:\/\/supermetal.cz\/de\/wp-json\/wp\/v2\/users\/1"}],"replies":[{"embeddable":true,"href":"https:\/\/supermetal.cz\/de\/wp-json\/wp\/v2\/comments?post=193"}],"version-history":[{"count":1,"href":"https:\/\/supermetal.cz\/de\/wp-json\/wp\/v2\/pages\/193\/revisions"}],"predecessor-version":[{"id":194,"href":"https:\/\/supermetal.cz\/de\/wp-json\/wp\/v2\/pages\/193\/revisions\/194"}],"up":[{"embeddable":true,"href":"https:\/\/supermetal.cz\/de\/wp-json\/wp\/v2\/pages\/189"}],"wp:attachment":[{"href":"https:\/\/supermetal.cz\/de\/wp-json\/wp\/v2\/media?parent=193"}],"curies":[{"name":"wp","href":"https:\/\/api.w.org\/{rel}","templated":true}]}}