{"id":189,"date":"2025-07-21T05:47:34","date_gmt":"2025-07-21T03:47:34","guid":{"rendered":"https:\/\/supermetal.cz\/?page_id=189"},"modified":"2025-09-01T15:26:11","modified_gmt":"2025-09-01T13:26:11","slug":"produkty","status":"publish","type":"page","link":"https:\/\/supermetal.cz\/de\/produkte\/","title":{"rendered":"Produkte"},"content":{"rendered":"\n\n<div class=\"su-posts su-posts-teaser-loop \">\n\n\t\t\t\t\t\t\n\t\t\t\n\t\t\t<div id=\"su-post-205\" class=\"su-post \">\n\t\t\t\t\t\t\t\t\t<a class=\"su-post-thumbnail\" href=\"https:\/\/supermetal.cz\/de\/produkte\/teile-fur-energieanlagen-schiffsbau-und-allgemeinen-maschinenbau\/\"><img loading=\"lazy\" decoding=\"async\" width=\"195\" height=\"199\" src=\"https:\/\/supermetal.cz\/wp-content\/uploads\/2025\/08\/1.jpg\" class=\"attachment-post-thumbnail size-post-thumbnail wp-post-image\" alt=\"\" \/><\/a>\n\t\t\t\t\t\t\t\t<h2 class=\"su-post-title\"><a href=\"https:\/\/supermetal.cz\/de\/produkte\/teile-fur-energieanlagen-schiffsbau-und-allgemeinen-maschinenbau\/\">Teile f\u00fcr Energieanlagen, Schiffsbau und allgemeinen Maschinenbau<\/a><\/h2>\n\t\t\t<\/div>\n\n\t\t\t\t\t\n\t\t\t\n\t\t\t<div id=\"su-post-174\" class=\"su-post \">\n\t\t\t\t\t\t\t\t\t<a class=\"su-post-thumbnail\" href=\"https:\/\/supermetal.cz\/de\/produkte\/kernenergie-und-pumpen\/\"><img loading=\"lazy\" decoding=\"async\" width=\"194\" height=\"192\" src=\"https:\/\/supermetal.cz\/wp-content\/uploads\/2025\/08\/2.jpg\" class=\"attachment-post-thumbnail size-post-thumbnail wp-post-image\" alt=\"\" \/><\/a>\n\t\t\t\t\t\t\t\t<h2 class=\"su-post-title\"><a href=\"https:\/\/supermetal.cz\/de\/produkte\/kernenergie-und-pumpen\/\">Kernkraft und Pumpen<\/a><\/h2>\n\t\t\t<\/div>\n\n\t\t\t\t\t\n\t\t\t\n\t\t\t<div id=\"su-post-203\" class=\"su-post \">\n\t\t\t\t\t\t\t\t\t<a class=\"su-post-thumbnail\" href=\"https:\/\/supermetal.cz\/de\/produkte\/ersatzteile-fur-die-rustungsindustrie\/\"><img loading=\"lazy\" decoding=\"async\" width=\"197\" height=\"195\" src=\"https:\/\/supermetal.cz\/wp-content\/uploads\/2025\/08\/3.jpg\" class=\"attachment-post-thumbnail size-post-thumbnail wp-post-image\" alt=\"\" \/><\/a>\n\t\t\t\t\t\t\t\t<h2 class=\"su-post-title\"><a href=\"https:\/\/supermetal.cz\/de\/produkte\/ersatzteile-fur-die-rustungsindustrie\/\">Ersatzteile f\u00fcr die R\u00fcstungsindustrie<\/a><\/h2>\n\t\t\t<\/div>\n\n\t\t\t\t\t\n\t\t\t\n\t\t\t<div id=\"su-post-191\" class=\"su-post \">\n\t\t\t\t\t\t\t\t\t<a class=\"su-post-thumbnail\" href=\"https:\/\/supermetal.cz\/de\/produkte\/arbeitszylinder\/\"><img loading=\"lazy\" decoding=\"async\" width=\"1024\" height=\"768\" src=\"https:\/\/supermetal.cz\/wp-content\/uploads\/2025\/09\/Section-rolls-1024x768.jpg\" class=\"attachment-post-thumbnail size-post-thumbnail wp-post-image\" alt=\"\" srcset=\"https:\/\/supermetal.cz\/wp-content\/uploads\/2025\/09\/Section-rolls-1024x768.jpg 1024w, https:\/\/supermetal.cz\/wp-content\/uploads\/2025\/09\/Section-rolls-300x225.jpg 300w, https:\/\/supermetal.cz\/wp-content\/uploads\/2025\/09\/Section-rolls-768x576.jpg 768w, https:\/\/supermetal.cz\/wp-content\/uploads\/2025\/09\/Section-rolls.jpg 1280w\" sizes=\"auto, (max-width: 1024px) 100vw, 1024px\" \/><\/a>\n\t\t\t\t\t\t\t\t<h2 class=\"su-post-title\"><a href=\"https:\/\/supermetal.cz\/de\/produkte\/arbeitszylinder\/\">Arbeitszylinder<\/a><\/h2>\n\t\t\t<\/div>\n\n\t\t\t\t\t\n\t\t\t\n\t\t\t<div id=\"su-post-201\" class=\"su-post \">\n\t\t\t\t\t\t\t\t<h2 class=\"su-post-title\"><a href=\"https:\/\/supermetal.cz\/de\/produkte\/ausrustung-und-ersatzteile-fur-pumpen-und-andere-ausrustungen-fur-die-kernenergie\/\">Ausr\u00fcstung und Ersatzteile f\u00fcr Pumpen und andere Ausr\u00fcstungen f\u00fcr die Kernenergie<\/a><\/h2>\n\t\t\t<\/div>\n\n\t\t\t\t\t\n\t\t\t\n\t\t\t<div id=\"su-post-197\" class=\"su-post \">\n\t\t\t\t\t\t\t\t<h2 class=\"su-post-title\"><a href=\"https:\/\/supermetal.cz\/de\/produkte\/ausrustung-und-ersatzteile-fur-pressen-und-schmieden\/\">Ausr\u00fcstung und Ersatzteile f\u00fcr Presswerke und Schmieden<\/a><\/h2>\n\t\t\t<\/div>\n\n\t\t\t\t\t\n\t\t\t\n\t\t\t<div id=\"su-post-195\" class=\"su-post \">\n\t\t\t\t\t\t\t\t<h2 class=\"su-post-title\"><a href=\"https:\/\/supermetal.cz\/de\/produkte\/ausrustung-und-ersatzteile-fur-stahl-und-giesereien\/\">Ausr\u00fcstung und Ersatzteile f\u00fcr Stahlwerke und Gie\u00dfereien<\/a><\/h2>\n\t\t\t<\/div>\n\n\t\t\t\t\t\n\t\t\t\n\t\t\t<div id=\"su-post-199\" class=\"su-post \">\n\t\t\t\t\t\t\t\t<h2 class=\"su-post-title\"><a href=\"https:\/\/supermetal.cz\/de\/produkte\/ausrustung-und-ersatzteile-fur-die-bergbau-und-verarbeitungsindustrie\/\">Ausr\u00fcstung und Ersatzteile f\u00fcr die Bergbau- und Verarbeitungsindustrie<\/a><\/h2>\n\t\t\t<\/div>\n\n\t\t\t\t\t\n\t\t\t\n\t\t\t<div id=\"su-post-193\" class=\"su-post \">\n\t\t\t\t\t\t\t\t<h2 class=\"su-post-title\"><a href=\"https:\/\/supermetal.cz\/de\/produkte\/ausrustung-und-ersatzteile-fur-walzwerke\/\">Ausr\u00fcstung und Ersatzteile f\u00fcr Walzwerke<\/a><\/h2>\n\t\t\t<\/div>\n\n\t\t\t\n<\/div>\n\n","protected":false},"excerpt":{"rendered":"<p>Walzwerke Wir bereiten eine Beschreibung vor. Walzen und Rollen f\u00fcr Richtmaschinen Wir bereiten eine Beschreibung vor. Getriebe und Ersatzteile Wir bereiten eine Beschreibung vor. Lagergeh\u00e4use f\u00fcr St\u00fctz- und Arbeitswalzen Wir bereiten eine Beschreibung vor. Gelenkwellen und Kupplungen Wir bereiten eine Beschreibung vor. Stellschrauben und Muttern Wir bereiten eine Beschreibung vor. Walzen Wir bereiten eine Beschreibung&hellip; <br \/> <a class=\"read-more\" href=\"https:\/\/supermetal.cz\/de\/produkte\/ausrustung-und-ersatzteile-fur-walzwerke\/\">Weiterlesen<\/a><\/p>\n","protected":false},"author":1,"featured_media":0,"parent":0,"menu_order":0,"comment_status":"closed","ping_status":"closed","template":"","meta":{"footnotes":""},"class_list":["post-189","page","type-page","status-publish","hentry"],"_links":{"self":[{"href":"https:\/\/supermetal.cz\/de\/wp-json\/wp\/v2\/pages\/189","targetHints":{"allow":["GET"]}}],"collection":[{"href":"https:\/\/supermetal.cz\/de\/wp-json\/wp\/v2\/pages"}],"about":[{"href":"https:\/\/supermetal.cz\/de\/wp-json\/wp\/v2\/types\/page"}],"author":[{"embeddable":true,"href":"https:\/\/supermetal.cz\/de\/wp-json\/wp\/v2\/users\/1"}],"replies":[{"embeddable":true,"href":"https:\/\/supermetal.cz\/de\/wp-json\/wp\/v2\/comments?post=189"}],"version-history":[{"count":24,"href":"https:\/\/supermetal.cz\/de\/wp-json\/wp\/v2\/pages\/189\/revisions"}],"predecessor-version":[{"id":421,"href":"https:\/\/supermetal.cz\/de\/wp-json\/wp\/v2\/pages\/189\/revisions\/421"}],"wp:attachment":[{"href":"https:\/\/supermetal.cz\/de\/wp-json\/wp\/v2\/media?parent=189"}],"curies":[{"name":"wp","href":"https:\/\/api.w.org\/{rel}","templated":true}]}}