{"id":125,"date":"2025-05-14T09:44:40","date_gmt":"2025-05-14T09:44:40","guid":{"rendered":"https:\/\/supermetal.hostis.net\/?page_id=125"},"modified":"2025-08-27T11:39:38","modified_gmt":"2025-08-27T09:39:38","slug":"kontakt","status":"publish","type":"page","link":"https:\/\/supermetal.cz\/de\/kontakt\/","title":{"rendered":"Kontakt"},"content":{"rendered":"\r\n<h3 class=\"wp-block-heading\">SUPERMETAL, a.s.<\/h3>\r\n\r\n\r\n<p>Adresse: V\u00e1clavsk\u00e9 n\u00e1m\u011bst\u00ed 772\/2, 110 00 Praha 1<\/p>\r\n\r\n\r\n<p>Betrieb: Pohrani\u010dn\u00ed 3017\/11, 703 00 Ostrava &#8211; V\u00edtkovice<\/p>\r\n\r\n\r\n<p>ID: 06359183<\/p>\r\n\r\n\r\n<p>Umsatzsteuer-Identifikationsnummer: CZ06359183<\/p>\r\n\r\n\r\n<p>E-Mail: info@supermetal.cz<\/p>\r\n\r\n\r\n<p>Kontonummer CZK: 2114684075 \/ 2700<\/p>\r\n\r\n\r\n<p>EUR-Kontonummer: 2114820743 \/ 2700<\/p>\r\n\r\n\r\n<p>Ansprechpartner<\/p>\r\n\r\n\r\n<p>Ing. Vit Padera, MBA<\/p>\r\n\r\n\r\n<p>Verkaufsdirektor<\/p>\r\n\r\n\r\n<p>+420 722 980 988<\/p>\r\n\r\n\r\n<p>vit.padera@witkowitz.cz<\/p>\r\n\r\n\r\n<h4 class=\"wp-block-heading\">&nbsp;<\/h4>\r\n","protected":false},"excerpt":{"rendered":"<p>SUPERMETAL, a.s. Adresse: V\u00e1clavsk\u00e9 n\u00e1m\u011bst\u00ed 772\/2, 110 00 Praha 1 Betrieb: Pohrani\u010dn\u00ed 3017\/11, 703 00 Ostrava &#8211; V\u00edtkovice ID: 06359183 Umsatzsteuer-Identifikationsnummer: CZ06359183 E-Mail: info@supermetal.cz Kontonummer CZK: 2114684075 \/ 2700 EUR-Kontonummer: 2114820743 \/ 2700 Ansprechpartner Ing. Vit Padera, MBA Verkaufsdirektor +420 722 980 988 vit.padera@witkowitz.cz &nbsp;<\/p>\n","protected":false},"author":1,"featured_media":0,"parent":0,"menu_order":0,"comment_status":"closed","ping_status":"closed","template":"","meta":{"footnotes":""},"class_list":["post-125","page","type-page","status-publish","hentry"],"_links":{"self":[{"href":"https:\/\/supermetal.cz\/de\/wp-json\/wp\/v2\/pages\/125","targetHints":{"allow":["GET"]}}],"collection":[{"href":"https:\/\/supermetal.cz\/de\/wp-json\/wp\/v2\/pages"}],"about":[{"href":"https:\/\/supermetal.cz\/de\/wp-json\/wp\/v2\/types\/page"}],"author":[{"embeddable":true,"href":"https:\/\/supermetal.cz\/de\/wp-json\/wp\/v2\/users\/1"}],"replies":[{"embeddable":true,"href":"https:\/\/supermetal.cz\/de\/wp-json\/wp\/v2\/comments?post=125"}],"version-history":[{"count":20,"href":"https:\/\/supermetal.cz\/de\/wp-json\/wp\/v2\/pages\/125\/revisions"}],"predecessor-version":[{"id":330,"href":"https:\/\/supermetal.cz\/de\/wp-json\/wp\/v2\/pages\/125\/revisions\/330"}],"wp:attachment":[{"href":"https:\/\/supermetal.cz\/de\/wp-json\/wp\/v2\/media?parent=125"}],"curies":[{"name":"wp","href":"https:\/\/api.w.org\/{rel}","templated":true}]}}